{"id":7900,"date":"2018-05-25T08:40:04","date_gmt":"2018-05-25T06:40:04","guid":{"rendered":"https:\/\/www.jedam3d.com\/disclaimer\/"},"modified":"2020-07-03T22:51:44","modified_gmt":"2020-07-03T20:51:44","slug":"disclaimer","status":"publish","type":"page","link":"https:\/\/www.jedam3d.com\/de\/disclaimer\/","title":{"rendered":"Haftungsausschluss"},"content":{"rendered":"<div class=\"wpb-content-wrapper\">[vc_row][vc_column][mk_padding_divider size=&#8220;100&#8243;][vc_column_text css=&#8220;.vc_custom_1568460490028{margin-bottom: 0px !important;}&#8220;]\n<h4 class=\"Headline\">Haftungsausschluss<\/h4>\n<p><strong>1. Inhalt des Onlineangebotes<\/strong><br \/>\nDiese Website bildet den tempor\u00e4ren Stand eines kontinuierlichen Arbeitsprozesses ab. Obwohl bei der Zusammenstellung der auf dieser Website enthaltenen Inhalte und Services gr\u00f6\u00dfte Sorgfalt und Kontrolle angewandt wurde, kann hier f\u00fcr die Aktualit\u00e4t, Korrektheit, Vollst\u00e4ndigkeit oder Qualit\u00e4t keine Gew\u00e4hr \u00fcbernommen werden. Haftungsanspr\u00fcche, die sich auf Sch\u00e4den materieller oder ideeller Art beziehen, welche durch die Nutzung oder Nichtnutzung der dargebotenen Inhalte und Services oder durch die Nutzung fehlerhafter und unvollst\u00e4ndiger Informationen verursacht wurden, sind grunds\u00e4tzlich ausgeschlossen, sofern seitens JEDAM3D kein nachweislich vors\u00e4tzliches oder grob fahrl\u00e4ssiges Verschulden vorliegt. Wir behalten uns ausdr\u00fccklich vor, \u00c4nderungen der Inhalte und Services ohne gesonderte Ank\u00fcndigung zu ver\u00e4ndern, zu erg\u00e4nzen, zu l\u00f6schen oder das gesamte Angebot oder die Ver\u00f6ffentlichung zeitweise oder endg\u00fcltig einzustellen. Alle Angebote sind freibleibend und unverbindlich.<\/p>\n<p><strong>2. Verweise und Links<\/strong><br \/>\nBei direkten oder indirekten Verweisen auf fremde Webseiten, die au\u00dferhalb des Verantwortungsbereiches von JEDAM3D oder dessen Vertreter liegen, w\u00fcrde eine Haftungsverpflichtung ausschlie\u00dflich in dem Fall in Kraft treten, in dem wir von den Inhalten Kenntnis hatten und es uns technisch m\u00f6glich und zumutbar w\u00e4re, die Nutzung im Falle rechtswidriger Inhalte zu verhindern. Wir erkl\u00e4ren hiermit ausdr\u00fccklich, dass zum Zeitpunkt der Linksetzung keine illegalen Inhalte auf den zu verlinkenden Seiten erkennbar waren. Auf die aktuelle und zuk\u00fcnftige Gestaltung, die Inhalte oder die Urheberschaft der verlinkten\/verkn\u00fcpften Seiten haben wir keinerlei Einfluss. Deshalb distanzieren wir uns hiermit ausdr\u00fccklich von allen Inhalten aller verzinkten \/verkn\u00fcpften Seiten, die nach der Linksetzung ver\u00e4ndert wurden. Diese Feststellung gilt f\u00fcr alle innerhalb des eigenen Internetangebotes gesetzten Links und Verweise sowie f\u00fcr Fremdeintr\u00e4ge in von uns eingerichteten G\u00e4steb\u00fcchern, Diskussionsforen und Mailinglisten. F\u00fcr illegale, fehlerhafte oder unvollst\u00e4ndige Inhalte und insbesondere f\u00fcr Sch\u00e4den, die aus der Nutzung oder Nichtnutzung solcherart dargebotener Informationen entstehen, haftet allein der Anbieter der Seite, auf welche verwiesen wurde, nicht derjenige, der \u00fcber Links auf die jeweilige Ver\u00f6ffentlichung lediglich verweist.<\/p>\n<p><strong>3. Urheber- und Kennzeichenrecht<\/strong><br \/>\nAlle innerhalb des Internetangebotes genannten und ggf. durch Dritte gesch\u00fctzten Marken- und Warenzeichen unterliegen uneingeschr\u00e4nkt den Bestimmungen des jeweils g\u00fcltigen Kennzeichenrechts und den Besitzrechten der jeweiligen eingetragenen Eigent\u00fcmer.<br \/>\nAllein aufgrund der blo\u00dfen Nennung ist nicht der Schluss zu ziehen, dass Markenzeichen nicht durch Rechte Dritter gesch\u00fctzt sind.<\/p>\n<p><strong>4. Rechtswirksamkeit dieses Haftungsausschlusses<\/strong><br \/>\nDieser Haftungsausschluss ist als Teil des Internetangebotes zu betrachten, von dem aus auf diese Seite verwiesen wurde. Sofern Teile oder einzelne Formulierungen dieses Textes der geltenden Rechtslage nicht, nicht mehr oder nicht vollst\u00e4ndig entsprechen sollten, bleiben die \u00fcbrigen Teile des Dokumentes in ihrem Inhalt und ihrer G\u00fcltigkeit davon unber\u00fchrt.[\/vc_column_text][mk_padding_divider size=&#8220;100&#8243;][\/vc_column][\/vc_row]\n<\/div>","protected":false},"excerpt":{"rendered":"<p>[vc_row][vc_column][mk_padding_divider size=&#8220;100&#8243;][vc_column_text css=&#8220;.vc_custom_1568460490028{margin-bottom: 0px !important;}&#8220;] Haftungsausschluss 1. Inhalt des Onlineangebotes Diese Website bildet den tempor\u00e4ren Stand eines kontinuierlichen Arbeitsprozesses ab. Obwohl bei der Zusammenstellung der auf dieser Website enthaltenen Inhalte und Services gr\u00f6\u00dfte Sorgfalt und Kontrolle angewandt wurde, kann hier f\u00fcr die Aktualit\u00e4t, Korrektheit, Vollst\u00e4ndigkeit oder Qualit\u00e4t keine Gew\u00e4hr \u00fcbernommen werden. Haftungsanspr\u00fcche, die sich auf [&hellip;]<\/p>\n","protected":false},"author":2,"featured_media":0,"parent":0,"menu_order":0,"comment_status":"closed","ping_status":"closed","template":"","meta":{"_monsterinsights_skip_tracking":false,"_monsterinsights_sitenote_active":false,"_monsterinsights_sitenote_note":"","_monsterinsights_sitenote_category":0,"footnotes":""},"class_list":["post-7900","page","type-page","status-publish","hentry"],"_links":{"self":[{"href":"https:\/\/www.jedam3d.com\/de\/wp-json\/wp\/v2\/pages\/7900","targetHints":{"allow":["GET"]}}],"collection":[{"href":"https:\/\/www.jedam3d.com\/de\/wp-json\/wp\/v2\/pages"}],"about":[{"href":"https:\/\/www.jedam3d.com\/de\/wp-json\/wp\/v2\/types\/page"}],"author":[{"embeddable":true,"href":"https:\/\/www.jedam3d.com\/de\/wp-json\/wp\/v2\/users\/2"}],"replies":[{"embeddable":true,"href":"https:\/\/www.jedam3d.com\/de\/wp-json\/wp\/v2\/comments?post=7900"}],"version-history":[{"count":2,"href":"https:\/\/www.jedam3d.com\/de\/wp-json\/wp\/v2\/pages\/7900\/revisions"}],"predecessor-version":[{"id":8771,"href":"https:\/\/www.jedam3d.com\/de\/wp-json\/wp\/v2\/pages\/7900\/revisions\/8771"}],"wp:attachment":[{"href":"https:\/\/www.jedam3d.com\/de\/wp-json\/wp\/v2\/media?parent=7900"}],"curies":[{"name":"wp","href":"https:\/\/api.w.org\/{rel}","templated":true}]}}