{"id":7710,"date":"2019-08-11T22:16:21","date_gmt":"2019-08-11T20:16:21","guid":{"rendered":"https:\/\/www.jedam3d.com\/creative\/"},"modified":"2025-12-14T14:23:32","modified_gmt":"2025-12-14T13:23:32","slug":"ueber-uns","status":"publish","type":"page","link":"https:\/\/www.jedam3d.com\/de\/ueber-uns\/","title":{"rendered":"\u00dcBER UNS"},"content":{"rendered":"<div class=\"wpb-content-wrapper\">[vc_row fullwidth=&#8220;true&#8220; padding=&#8220;0&#8243;][vc_column][mk_revslider id=&#8220;jlab&#8220;][\/vc_column][\/vc_row][vc_row][vc_column][mk_padding_divider][\/vc_column][\/vc_row][vc_row][vc_column width=&#8220;1\/2&#8243;][mk_padding_divider size=&#8220;60&#8243;][mk_fancy_title size=&#8220;50&#8243; margin_bottom=&#8220;5&#8243; font_family=&#8220;none&#8220;]\n<h1 style=\"text-align: left;\"><span style=\"color: #b300ff;\">Think.<\/span><\/h1>\n<h3 style=\"text-align: left;\"><\/h3>\n[\/mk_fancy_title][mk_fancy_title size=&#8220;50&#8243; line_height=&#8220;70&#8243; margin_bottom=&#8220;5&#8243; font_family=&#8220;none&#8220;]\n<h3 style=\"text-align: left;\">Wenn wir nicht herstellen, entwickeln wir.<\/h3>\n[\/mk_fancy_title][mk_padding_divider size=&#8220;30&#8243;][vc_column_text css=&#8220;.vc_custom_1568551535657{margin-bottom: 0px !important;}&#8220;]\n<div class=\"input-button-container\"><\/div>\n<div class=\"result-shield-container tlid-copy-target\" tabindex=\"0\">\n<p><span class=\"tlid-translation translation\" lang=\"de\"><span class=\"\" title=\"\">Unsere Kreativabteilung entwirft und entwickelt einzigartige Ideen, um Ihren individuellen Werbebed\u00fcrfnissen gerecht zu werden, Ihre Produkte so effektiv wie m\u00f6glich zu pr\u00e4sentieren und neue Kunden f\u00fcr Ihr Unternehmen <\/span><span class=\"\" title=\"\">anzuziehen, zu fesseln und zu konvertieren<\/span>.<\/span><\/p>\n<p><span class=\"\" title=\"\">Wir entwerfen und entwickeln Werbekampagnen und Markenidentit\u00e4ten f\u00fcr jeden Bedarf und schaffen au\u00dfergew\u00f6hnliche emotionale und visuelle Erlebnisse durch unsere VFX-, Film- und iO-Abteilungen von Design und Entwicklung, Produktion, Postproduktion und Sounddesign bis hin zur Platzierung, und decken jeden Schritt des Prozesses ab,<\/span> <span class=\"\" title=\"\">p\u00fcnktlich und budgetgerecht, um beste Ergebnisse und messbaren Wert f\u00fcr unsere Kunden zu gew\u00e4hrleisten.<\/span><\/p>\n<\/div>\n[\/vc_column_text][\/vc_column][vc_column width=&#8220;1\/2&#8243;][\/vc_column][\/vc_row][vc_row fullwidth=&#8220;true&#8220;][vc_column][mk_padding_divider size=&#8220;150&#8243; visibility=&#8220;hidden-sm&#8220;][\/vc_column][\/vc_row]\n<\/div>","protected":false},"excerpt":{"rendered":"<p>[vc_row fullwidth=&#8220;true&#8220; padding=&#8220;0&#8243;][vc_column][mk_revslider id=&#8220;jlab&#8220;][\/vc_column][\/vc_row][vc_row][vc_column][mk_padding_divider][\/vc_column][\/vc_row][vc_row][vc_column width=&#8220;1\/2&#8243;][mk_padding_divider size=&#8220;60&#8243;][mk_fancy_title size=&#8220;50&#8243; margin_bottom=&#8220;5&#8243; font_family=&#8220;none&#8220;] Think. [\/mk_fancy_title][mk_fancy_title size=&#8220;50&#8243; line_height=&#8220;70&#8243; margin_bottom=&#8220;5&#8243; font_family=&#8220;none&#8220;] Wenn wir nicht herstellen, entwickeln wir. [\/mk_fancy_title][mk_padding_divider size=&#8220;30&#8243;][vc_column_text css=&#8220;.vc_custom_1568551535657{margin-bottom: 0px !important;}&#8220;] Unsere Kreativabteilung entwirft und entwickelt einzigartige Ideen, um Ihren individuellen Werbebed\u00fcrfnissen gerecht zu werden, Ihre Produkte so effektiv wie m\u00f6glich zu pr\u00e4sentieren und neue Kunden f\u00fcr Ihr Unternehmen anzuziehen, [&hellip;]<\/p>\n","protected":false},"author":2,"featured_media":0,"parent":0,"menu_order":0,"comment_status":"closed","ping_status":"closed","template":"","meta":{"_monsterinsights_skip_tracking":false,"_monsterinsights_sitenote_active":false,"_monsterinsights_sitenote_note":"","_monsterinsights_sitenote_category":0,"footnotes":""},"class_list":["post-7710","page","type-page","status-publish","hentry"],"_links":{"self":[{"href":"https:\/\/www.jedam3d.com\/de\/wp-json\/wp\/v2\/pages\/7710","targetHints":{"allow":["GET"]}}],"collection":[{"href":"https:\/\/www.jedam3d.com\/de\/wp-json\/wp\/v2\/pages"}],"about":[{"href":"https:\/\/www.jedam3d.com\/de\/wp-json\/wp\/v2\/types\/page"}],"author":[{"embeddable":true,"href":"https:\/\/www.jedam3d.com\/de\/wp-json\/wp\/v2\/users\/2"}],"replies":[{"embeddable":true,"href":"https:\/\/www.jedam3d.com\/de\/wp-json\/wp\/v2\/comments?post=7710"}],"version-history":[{"count":4,"href":"https:\/\/www.jedam3d.com\/de\/wp-json\/wp\/v2\/pages\/7710\/revisions"}],"predecessor-version":[{"id":8768,"href":"https:\/\/www.jedam3d.com\/de\/wp-json\/wp\/v2\/pages\/7710\/revisions\/8768"}],"wp:attachment":[{"href":"https:\/\/www.jedam3d.com\/de\/wp-json\/wp\/v2\/media?parent=7710"}],"curies":[{"name":"wp","href":"https:\/\/api.w.org\/{rel}","templated":true}]}}