{"id":7708,"date":"2019-08-04T14:39:35","date_gmt":"2019-08-04T12:39:35","guid":{"rendered":"https:\/\/www.jedam3d.com\/jedampx\/"},"modified":"2025-12-14T14:21:19","modified_gmt":"2025-12-14T13:21:19","slug":"jedampx","status":"publish","type":"page","link":"https:\/\/www.jedam3d.com\/de\/jedampx\/","title":{"rendered":"JEDAMPX"},"content":{"rendered":"<div class=\"wpb-content-wrapper\">[vc_row fullwidth=&#8220;true&#8220; padding=&#8220;0&#8243;][vc_column][mk_revslider id=&#8220;jpx2&#8243;][\/vc_column][\/vc_row][vc_row][vc_column][mk_padding_divider size=&#8220;150&#8243;][mk_fancy_title size=&#8220;50&#8243; line_height=&#8220;70&#8243; margin_bottom=&#8220;5&#8243; font_family=&#8220;none&#8220;]\n<h3 data-start=\"226\" data-end=\"275\"><strong data-start=\"230\" data-end=\"273\">JEDAMPX &#8211; Bewegtbild. Zielgerichtet.<\/strong><\/h3>\n[\/mk_fancy_title][mk_fancy_title tag_name=&#8220;h6&#8243; color=&#8220;#ffffff&#8220; size=&#8220;22&#8243; font_weight=&#8220;500&#8243; margin_bottom=&#8220;5&#8243; font_family=&#8220;none&#8220;]Cinematic Film \u00b7 Commercials \u00b7 Brand- &amp; Imagefilme \u00b7 Social &amp; Digital Video<br \/>\nHigh-End Filmproduktion \u00b7 FPV &amp; Aerial \u00b7 Postproduktion \u00b7 VFX-Integration[\/mk_fancy_title][vc_column_text css=&#8220;.vc_custom_1765714090627{margin-bottom: 0px !important;}&#8220;]\n<p data-start=\"310\" data-end=\"584\">Bewegte Bilder erzeugen nicht nur Aufmerksamkeit \u2013 sie pr\u00e4gen Wahrnehmung, l\u00f6sen Emotionen aus und bestimmen, wie Marken erinnert werden. Visuelle Inhalte werden um ein Vielfaches schneller verarbeitet als Text und sind damit das wirkungsvollste Medium, um komplexe Botschaften klar, pr\u00e4zise und nachhaltig zu vermitteln. <\/p>\n<p data-start=\"586\" data-end=\"823\">JEDAMPX ist die Moving-Pictures-Division von JEDAM3D und steht f\u00fcr cineastisches, hochwertiges Visual Storytelling \u2013 von Produktfilmen und Werbespots \u00fcber Brand- und Imagefilme, Eventdokumentationen und Social-Media-Content bis hin zu interaktiven digitalen Formaten.<\/p>\n<p data-start=\"825\" data-end=\"1035\">Von der Konzeption und strategischen Planung \u00fcber die Produktion bis zur Postproduktion entwickeln und realisieren wir pr\u00e4zise gestaltete visuelle Inhalte f\u00fcr jede Plattform, jedes Umfeld und jede Skalierung \u2013 physisch, digital oder hybrid.<\/p>\n<p data-start=\"1037\" data-end=\"1412\">In enger Zusammenarbeit mit unseren Creative-, AI- und VFX-Divisionen bieten wir einen durchg\u00e4ngigen End-to-End-Workflow: von Beratung und visuellem Design \u00fcber intelligente Produktionspipelines bis hin zu hochwertigen visuellen Effekten dort, wo sie echten Mehrwert schaffen. Das Ergebnis sind bewegte Bilder, die nicht nur visuell \u00fcberzeugen, sondern strategisch wirken, technisch belastbar sind und mit absoluter Verl\u00e4sslichkeit umgesetzt werden. <\/p>\n<p data-start=\"1414\" data-end=\"1554\">Branchen- und l\u00e4nder\u00fcbergreifend arbeiten wir mit Unternehmen jeder Gr\u00f6\u00dfe zusammen, um bewegte Bilder zu schaffen, die performen, emotional ber\u00fchren und langfristig bestehen.<\/p>\n[\/vc_column_text][\/vc_column][\/vc_row][vc_row][vc_column][mk_padding_divider size=&#8220;150&#8243;][\/vc_column][\/vc_row]\n<\/div>","protected":false},"excerpt":{"rendered":"<p>[vc_row fullwidth=&#8220;true&#8220; padding=&#8220;0&#8243;][vc_column][mk_revslider id=&#8220;jpx2&#8243;][\/vc_column][\/vc_row][vc_row][vc_column][mk_padding_divider size=&#8220;150&#8243;][mk_fancy_title size=&#8220;50&#8243; line_height=&#8220;70&#8243; margin_bottom=&#8220;5&#8243; font_family=&#8220;none&#8220;] JEDAMPX &#8211; Bewegtbild. Zielgerichtet. [\/mk_fancy_title][mk_fancy_title tag_name=&#8220;h6&#8243; color=&#8220;#ffffff&#8220; size=&#8220;22&#8243; font_weight=&#8220;500&#8243; margin_bottom=&#8220;5&#8243; font_family=&#8220;none&#8220;]Cinematic Film \u00b7 Commercials \u00b7 Brand- &amp; Imagefilme \u00b7 Social &amp; Digital Video High-End Filmproduktion \u00b7 FPV &amp; Aerial \u00b7 Postproduktion \u00b7 VFX-Integration[\/mk_fancy_title][vc_column_text css=&#8220;.vc_custom_1765714090627{margin-bottom: 0px !important;}&#8220;] Bewegte Bilder erzeugen nicht nur Aufmerksamkeit \u2013 sie pr\u00e4gen Wahrnehmung, [&hellip;]<\/p>\n","protected":false},"author":2,"featured_media":0,"parent":0,"menu_order":0,"comment_status":"closed","ping_status":"closed","template":"","meta":{"_monsterinsights_skip_tracking":false,"_monsterinsights_sitenote_active":false,"_monsterinsights_sitenote_note":"","_monsterinsights_sitenote_category":0,"footnotes":""},"class_list":["post-7708","page","type-page","status-publish","hentry"],"_links":{"self":[{"href":"https:\/\/www.jedam3d.com\/de\/wp-json\/wp\/v2\/pages\/7708","targetHints":{"allow":["GET"]}}],"collection":[{"href":"https:\/\/www.jedam3d.com\/de\/wp-json\/wp\/v2\/pages"}],"about":[{"href":"https:\/\/www.jedam3d.com\/de\/wp-json\/wp\/v2\/types\/page"}],"author":[{"embeddable":true,"href":"https:\/\/www.jedam3d.com\/de\/wp-json\/wp\/v2\/users\/2"}],"replies":[{"embeddable":true,"href":"https:\/\/www.jedam3d.com\/de\/wp-json\/wp\/v2\/comments?post=7708"}],"version-history":[{"count":7,"href":"https:\/\/www.jedam3d.com\/de\/wp-json\/wp\/v2\/pages\/7708\/revisions"}],"predecessor-version":[{"id":10315,"href":"https:\/\/www.jedam3d.com\/de\/wp-json\/wp\/v2\/pages\/7708\/revisions\/10315"}],"wp:attachment":[{"href":"https:\/\/www.jedam3d.com\/de\/wp-json\/wp\/v2\/media?parent=7708"}],"curies":[{"name":"wp","href":"https:\/\/api.w.org\/{rel}","templated":true}]}}