{"id":7388,"date":"2019-08-01T15:30:12","date_gmt":"2019-08-01T13:30:12","guid":{"rendered":"https:\/\/www.jedam3d.com\/departments\/"},"modified":"2026-01-07T08:39:27","modified_gmt":"2026-01-07T07:39:27","slug":"departments","status":"publish","type":"page","link":"https:\/\/www.jedam3d.com\/de\/","title":{"rendered":"Home"},"content":{"rendered":"<div class=\"wpb-content-wrapper\">[vc_row fullwidth=&#8220;true&#8220; padding=&#8220;0&#8243;][vc_column]\n\t\t\t<!-- START Start2026 REVOLUTION SLIDER 6.7.40 --><p class=\"rs-p-wp-fix\"><\/p>\n\t\t\t<rs-module-wrap id=\"rev_slider_155_1_wrapper\" data-source=\"gallery\" style=\"visibility:hidden;background:transparent;padding:0;margin:0px auto;margin-top:0;margin-bottom:0;\">\n\t\t\t\t<rs-module id=\"rev_slider_155_1\" style=\"\" data-version=\"6.7.40\">\n\t\t\t\t\t<rs-slides style=\"overflow: hidden; position: absolute;\">\n\t\t\t\t\t\t<rs-slide style=\"position: absolute;\" data-key=\"rs-606\" data-title=\"Slide\" data-anim=\"eng:transitionPack;d:20;e:tpbasic;ms:1500;\" data-in=\"o:1;\" data-out=\"a:false;\">\n\t\t\t\t\t\t\t<img decoding=\"async\" src=\"\/\/www.jedam3d.com\/wp-content\/plugins\/revslider\/sr6\/assets\/assets\/dummy.png\" alt=\"\" title=\"j316\" width=\"1920\" height=\"1075\" class=\"rev-slidebg tp-rs-img rs-lazyload\" data-lazyload=\"\/\/www.jedam3d.com\/wp-content\/uploads\/2025\/11\/j316.jpg\" data-no-retina>\n\t\t\t\t\t\t\t<rs-bgvideo \n\t\t\t\t\t\t\t\tdata-video=\"w:100%;h:100%;nse:false;l:true;ptimer:false;vfc:true;\"\n\t\t\t\t\t\t\t\tdata-mp4=\"\/\/jedam3d.com\/stream\/j326a.mp4\"\n\t\t\t\t\t\t\t><\/rs-bgvideo>\n<!--\t\t\t\t\t\t--><rs-zone id=\"rrzm_606\" class=\"rev_row_zone_middle\" style=\"z-index: 5;\"><!--\n\n\t\t\t\t\t\t\t\t--><rs-row\n\t\t\t\t\t\t\t\t\tid=\"slider-155-slide-606-layer-1\" \n\t\t\t\t\t\t\t\t\tdata-type=\"row\"\n\t\t\t\t\t\t\t\t\tdata-xy=\"xo:50px;yo:50px;\"\n\t\t\t\t\t\t\t\t\tdata-rsp_bd=\"off\"\n\t\t\t\t\t\t\t\t\tdata-margin=\"r:50,50,50,30;l:50,50,50,30;\"\n\t\t\t\t\t\t\t\t\tdata-frame_0=\"x:right;o:1;\"\n\t\t\t\t\t\t\t\t\tdata-frame_0_reverse=\"x:true;\"\n\t\t\t\t\t\t\t\t\tdata-frame_1=\"e:back.out;sp:1500;\"\n\t\t\t\t\t\t\t\t\tdata-frame_999=\"x:left;o:1;e:back.out;st:w;sp:1500;sR:8700;sA:9000;\"\n\t\t\t\t\t\t\t\t\tdata-frame_999_reverse=\"x:true;\"\n\t\t\t\t\t\t\t\t\tstyle=\"z-index:6;\"\n\t\t\t\t\t\t\t\t><!--\n\t\t\t\t\t\t\t\t\t--><rs-column\n\t\t\t\t\t\t\t\t\t\tid=\"slider-155-slide-606-layer-2\" \n\t\t\t\t\t\t\t\t\t\tdata-type=\"column\"\n\t\t\t\t\t\t\t\t\t\tdata-xy=\"xo:50px;yo:50px;\"\n\t\t\t\t\t\t\t\t\t\tdata-rsp_bd=\"off\"\n\t\t\t\t\t\t\t\t\t\tdata-column=\"w:66.67%;\"\n\t\t\t\t\t\t\t\t\t\tdata-margin=\"b:0,0,30,0;\"\n\t\t\t\t\t\t\t\t\t\tdata-frame_0=\"x:right;o:1;\"\n\t\t\t\t\t\t\t\t\t\tdata-frame_0_reverse=\"x:true;\"\n\t\t\t\t\t\t\t\t\t\tdata-frame_999=\"x:left;o:1;e:back.out;st:w;sp:1500;sR:8700;sA:9000;\"\n\t\t\t\t\t\t\t\t\t\tdata-frame_999_reverse=\"x:true;\"\n\t\t\t\t\t\t\t\t\t\tstyle=\"z-index:7;width:100%;\"\n\t\t\t\t\t\t\t\t\t><!--\n\t\t\t\t\t\t\t\t\t\t--><rs-layer\n\t\t\t\t\t\t\t\t\t\t\tid=\"slider-155-slide-606-layer-5\" \n\t\t\t\t\t\t\t\t\t\t\tdata-type=\"text\"\n\t\t\t\t\t\t\t\t\t\t\tdata-color=\"#cdff59\"\n\t\t\t\t\t\t\t\t\t\t\tdata-rsp_ch=\"on\"\n\t\t\t\t\t\t\t\t\t\t\tdata-xy=\"\"\n\t\t\t\t\t\t\t\t\t\t\tdata-pos=\"r\"\n\t\t\t\t\t\t\t\t\t\t\tdata-text=\"w:normal;s:30,28,24,20;l:50,50,50,40;fw:800;\"\n\t\t\t\t\t\t\t\t\t\t\tdata-basealign=\"group\"\n\t\t\t\t\t\t\t\t\t\t\tdata-margin=\"b:0,0,0,10;\"\n\t\t\t\t\t\t\t\t\t\t\tdata-frame_0=\"x:right;o:1;\"\n\t\t\t\t\t\t\t\t\t\t\tdata-frame_0_reverse=\"x:true;\"\n\t\t\t\t\t\t\t\t\t\t\tdata-frame_1=\"e:back.out;st:400;sp:1200;sR:400;\"\n\t\t\t\t\t\t\t\t\t\t\tdata-frame_999=\"x:left;o:1;e:back.out;st:w;sp:1500;sR:7400;\"\n\t\t\t\t\t\t\t\t\t\t\tdata-frame_999_reverse=\"x:true;\"\n\t\t\t\t\t\t\t\t\t\t\tstyle=\"z-index:8;font-family:'Arial', 'Helvetica', 'sans-serif';text-transform:uppercase;font-style:italic;\"\n\t\t\t\t\t\t\t\t\t\t> \n\t\t\t\t\t\t\t\t\t\t<\/rs-layer><!--\n\n\t\t\t\t\t\t\t\t\t\t--><rs-layer\n\t\t\t\t\t\t\t\t\t\t\tid=\"slider-155-slide-606-layer-6\" \n\t\t\t\t\t\t\t\t\t\t\tdata-type=\"text\"\n\t\t\t\t\t\t\t\t\t\t\tdata-tsh=\"c:#000000;v:50px,41px,31px,19px;b:50px,41px,31px,19px;\"\n\t\t\t\t\t\t\t\t\t\t\tdata-rsp_ch=\"on\"\n\t\t\t\t\t\t\t\t\t\t\tdata-xy=\"\"\n\t\t\t\t\t\t\t\t\t\t\tdata-pos=\"r\"\n\t\t\t\t\t\t\t\t\t\t\tdata-text=\"w:normal;s:100,80,80,60;l:90,70,70,50;ls:-5px,-4px,-3px,-1px;fw:800;\"\n\t\t\t\t\t\t\t\t\t\t\tdata-basealign=\"group\"\n\t\t\t\t\t\t\t\t\t\t\tdata-frame_0=\"x:right;o:1;\"\n\t\t\t\t\t\t\t\t\t\t\tdata-frame_0_reverse=\"x:true;\"\n\t\t\t\t\t\t\t\t\t\t\tdata-frame_1=\"e:back.out;st:200;sp:1400;sR:200;\"\n\t\t\t\t\t\t\t\t\t\t\tdata-frame_999=\"x:left;o:1;e:back.out;st:w;sp:1500;sR:7400;\"\n\t\t\t\t\t\t\t\t\t\t\tdata-frame_999_reverse=\"x:true;\"\n\t\t\t\t\t\t\t\t\t\t\tstyle=\"z-index:7;font-family:'Arial', 'Helvetica', 'sans-serif';text-transform:uppercase;font-style:italic;\"\n\t\t\t\t\t\t\t\t\t\t> \n\t\t\t\t\t\t\t\t\t\t<\/rs-layer><!--\n\n\t\t\t\t\t\t\t\t\t\t--><rs-layer\n\t\t\t\t\t\t\t\t\t\t\tid=\"slider-155-slide-606-layer-7\" \n\t\t\t\t\t\t\t\t\t\t\tdata-type=\"text\"\n\t\t\t\t\t\t\t\t\t\t\tdata-color=\"rgba(255, 255, 255, 0.8)||#ffffff||#ffffff||#ffffff\"\n\t\t\t\t\t\t\t\t\t\t\tdata-rsp_ch=\"on\"\n\t\t\t\t\t\t\t\t\t\t\tdata-xy=\"\"\n\t\t\t\t\t\t\t\t\t\t\tdata-pos=\"r\"\n\t\t\t\t\t\t\t\t\t\t\tdata-text=\"w:normal;s:80,80,80,60;l:90,70,70,50;ls:-5px,-4px,-3px,-1px;fw:800;\"\n\t\t\t\t\t\t\t\t\t\t\tdata-dim=\"w:auto,717px,auto,auto;\"\n\t\t\t\t\t\t\t\t\t\t\tdata-basealign=\"group\"\n\t\t\t\t\t\t\t\t\t\t\tdata-margin=\"t:-5,-4,-3,-2;\"\n\t\t\t\t\t\t\t\t\t\t\tdata-frame_0=\"x:right;\"\n\t\t\t\t\t\t\t\t\t\t\tdata-frame_0_reverse=\"x:true;\"\n\t\t\t\t\t\t\t\t\t\t\tdata-frame_1=\"e:back.out;st:300;sp:1300;sR:300;\"\n\t\t\t\t\t\t\t\t\t\t\tdata-frame_999=\"x:left;o:1;e:back.out;st:w;sp:1500;sR:7400;\"\n\t\t\t\t\t\t\t\t\t\t\tdata-frame_999_reverse=\"x:true;\"\n\t\t\t\t\t\t\t\t\t\t\tstyle=\"z-index:6;font-family:'Arial', 'Helvetica', 'sans-serif';text-transform:uppercase;font-style:italic;\"\n\t\t\t\t\t\t\t\t\t\t> \n\t\t\t\t\t\t\t\t\t\t<\/rs-layer><!--\n\t\t\t\t\t\t\t\t\t--><\/rs-column><!--\n\n\t\t\t\t\t\t\t\t\t--><rs-column\n\t\t\t\t\t\t\t\t\t\tid=\"slider-155-slide-606-layer-3\" \n\t\t\t\t\t\t\t\t\t\tdata-type=\"column\"\n\t\t\t\t\t\t\t\t\t\tdata-xy=\"xo:50px;yo:50px;\"\n\t\t\t\t\t\t\t\t\t\tdata-vbility=\"t,t,t,f\"\n\t\t\t\t\t\t\t\t\t\tdata-rsp_bd=\"off\"\n\t\t\t\t\t\t\t\t\t\tdata-padding=\"r:0,0,330,330;\"\n\t\t\t\t\t\t\t\t\t\tdata-frame_0=\"x:right;o:1;\"\n\t\t\t\t\t\t\t\t\t\tdata-frame_0_reverse=\"x:true;\"\n\t\t\t\t\t\t\t\t\t\tdata-frame_1=\"e:back.out;st:300;sp:1300;sR:300;\"\n\t\t\t\t\t\t\t\t\t\tdata-frame_999=\"x:left;o:1;e:back.out;st:w;sp:1500;sR:7400;sA:9000;\"\n\t\t\t\t\t\t\t\t\t\tdata-frame_999_reverse=\"x:true;\"\n\t\t\t\t\t\t\t\t\t\tstyle=\"z-index:6;width:100%;\"\n\t\t\t\t\t\t\t\t\t><!--\t\t\t\t\t\t\t\t\t--><\/rs-column><!--\n\t\t\t\t\t\t\t\t--><\/rs-row><!--\n\t\t\t\t\t\t\t--><\/rs-zone><!--\n-->\t\t\t\t\t<\/rs-slide>\n\t\t\t\t\t<\/rs-slides>\n\t\t\t\t\t<rs-static-layers><!--\n\t\t\t\t\t\t--><rs-zone id=\"rrzt_125\" class=\"rev_row_zone_top\" style=\"z-index: 7;\"><!--\n\n\t\t\t\t\t\t\t\t--><rs-row\n\t\t\t\t\t\t\t\t\tid=\"slider-155-slide-125-layer-11\" \n\t\t\t\t\t\t\t\t\tclass=\"rs-layer-static\"\n\t\t\t\t\t\t\t\t\tdata-type=\"row\"\n\t\t\t\t\t\t\t\t\tdata-xy=\"xo:50px;yo:50px;\"\n\t\t\t\t\t\t\t\t\tdata-cbreak=\"nobreak\"\n\t\t\t\t\t\t\t\t\tdata-rsp_bd=\"off\"\n\t\t\t\t\t\t\t\t\tdata-onslides=\"s:1;\"\n\t\t\t\t\t\t\t\t\tdata-margin=\"t:30;r:50,50,50,30;l:50,50,50,30;\"\n\t\t\t\t\t\t\t\t\tdata-frame_0=\"y:top;\"\n\t\t\t\t\t\t\t\t\tdata-frame_1=\"e:back.out;sp:1500;\"\n\t\t\t\t\t\t\t\t\tdata-frame_999=\"o:0;st:w;sR:7500;sA:9000;\"\n\t\t\t\t\t\t\t\t\tstyle=\"z-index:7;\"\n\t\t\t\t\t\t\t\t><!--\n\t\t\t\t\t\t\t\t\t--><rs-column\n\t\t\t\t\t\t\t\t\t\tid=\"slider-155-slide-125-layer-12\" \n\t\t\t\t\t\t\t\t\t\tclass=\"rs-layer-static\"\n\t\t\t\t\t\t\t\t\t\tdata-type=\"column\"\n\t\t\t\t\t\t\t\t\t\tdata-xy=\"xo:50px;yo:50px;\"\n\t\t\t\t\t\t\t\t\t\tdata-rsp_bd=\"off\"\n\t\t\t\t\t\t\t\t\t\tdata-onslides=\"s:1;\"\n\t\t\t\t\t\t\t\t\t\tdata-column=\"w:100%;\"\n\t\t\t\t\t\t\t\t\t\tdata-frame_0=\"o:1;\"\n\t\t\t\t\t\t\t\t\t\tdata-frame_999=\"o:0;st:w;sR:8700;sA:9000;\"\n\t\t\t\t\t\t\t\t\t\tstyle=\"z-index:7;width:100%;\"\n\t\t\t\t\t\t\t\t\t><!--\t\t\t\t\t\t\t\t\t--><\/rs-column><!--\n\t\t\t\t\t\t\t\t--><\/rs-row><!--\n\n\t\t\t\t\t\t\t\t--><rs-row\n\t\t\t\t\t\t\t\t\tid=\"slider-155-slide-125-layer-18\" \n\t\t\t\t\t\t\t\t\tclass=\"rs-layer-static\"\n\t\t\t\t\t\t\t\t\tdata-type=\"row\"\n\t\t\t\t\t\t\t\t\tdata-xy=\"xo:50px;yo:50px;\"\n\t\t\t\t\t\t\t\t\tdata-cbreak=\"nobreak\"\n\t\t\t\t\t\t\t\t\tdata-rsp_bd=\"off\"\n\t\t\t\t\t\t\t\t\tdata-onslides=\"s:1;\"\n\t\t\t\t\t\t\t\t\tdata-margin=\"r:50,50,50,30;b:30;l:50,50,50,30;\"\n\t\t\t\t\t\t\t\t\tdata-frame_0=\"y:bottom;\"\n\t\t\t\t\t\t\t\t\tdata-frame_1=\"e:back.out;sp:1500;\"\n\t\t\t\t\t\t\t\t\tdata-frame_999=\"o:0;st:w;sR:7500;sA:9000;\"\n\t\t\t\t\t\t\t\t\tstyle=\"z-index:6;\"\n\t\t\t\t\t\t\t\t><!--\n\t\t\t\t\t\t\t\t\t--><rs-column\n\t\t\t\t\t\t\t\t\t\tid=\"slider-155-slide-125-layer-21\" \n\t\t\t\t\t\t\t\t\t\tclass=\"rs-layer-static\"\n\t\t\t\t\t\t\t\t\t\tdata-type=\"column\"\n\t\t\t\t\t\t\t\t\t\tdata-xy=\"xo:50px;yo:50px;\"\n\t\t\t\t\t\t\t\t\t\tdata-rsp_bd=\"off\"\n\t\t\t\t\t\t\t\t\t\tdata-onslides=\"s:1;\"\n\t\t\t\t\t\t\t\t\t\tdata-column=\"w:100%;\"\n\t\t\t\t\t\t\t\t\t\tdata-frame_0=\"o:1;\"\n\t\t\t\t\t\t\t\t\t\tdata-frame_999=\"o:0;st:w;sR:8700;sA:9000;\"\n\t\t\t\t\t\t\t\t\t\tstyle=\"z-index:6;width:100%;\"\n\t\t\t\t\t\t\t\t\t><!--\t\t\t\t\t\t\t\t\t--><\/rs-column><!--\n\t\t\t\t\t\t\t\t--><\/rs-row><!--\n\t\t\t\t\t\t\t--><\/rs-zone><!--\n\t\t\t\t\t--><\/rs-static-layers>\n\t\t\t\t<\/rs-module>\n\t\t\t\t<script>\n\t\t\t\t\tsetREVStartSize({c: 'rev_slider_155_1',rl:[1240,1024,768,480],el:[900,768,960,720],gw:[1240,1024,778,480],gh:[900,768,960,720],type:'standard',justify:'',layout:'fullwidth',mh:\"0\"});if (window.RS_MODULES!==undefined && window.RS_MODULES.modules!==undefined && window.RS_MODULES.modules[\"revslider1551\"]!==undefined) {window.RS_MODULES.modules[\"revslider1551\"].once = false;window.revapi155 = undefined;if (window.RS_MODULES.checkMinimal!==undefined) window.RS_MODULES.checkMinimal()}\n\t\t\t\t<\/script>\n\t\t\t<\/rs-module-wrap>\n\t\t\t<!-- END REVOLUTION SLIDER -->\n[\/vc_column][\/vc_row][vc_row][vc_column][mk_padding_divider size=&#8220;120&#8243;][mk_fancy_title tag_name=&#8220;h1&#8243; color=&#8220;#000000&#8243; size=&#8220;30&#8243; font_weight=&#8220;300&#8243; letter_spacing=&#8220;3&#8243; font_family=&#8220;none&#8220;]\n<h3 data-start=\"324\" data-end=\"393\"><strong data-start=\"328\" data-end=\"393\">JEDAM3D &#8211; Intelligence-Driven Media. Entwickelt f\u00fcr das, was kommt.<\/strong><\/h3>\n[\/mk_fancy_title][vc_column_text css=&#8220;.vc_custom_1765713619797{margin-bottom: 0px !important;}&#8220;]\n<p data-start=\"395\" data-end=\"686\">Gegr\u00fcndet im Jahr 2005 ist JEDAM3D ein boutique-orientiertes High-End-Cross-Media-Studio an der Schnittstelle von AI, Film, VFX, CGI und digitalem Engineering. Seit \u00fcber 20 Jahren konzipieren, produzieren und skalieren wir hochwertige Mediensysteme f\u00fcr Marken, die mehr erwarten als Standardl\u00f6sungen.<\/p>\n<p data-start=\"688\" data-end=\"963\">Unser Leistungsspektrum umfasst AI-Beratung, AI-gest\u00fctzte Content-Produktion und Automatisierung, cineastische Filmproduktion und Postproduktion, VFX &amp; CGI, Social-Media- und Performance-Video, FPV- &amp; Aerial-Cinema sowie Webdesign, Webentwicklung, SEO, GEO und digitale Wachstumsarchitekturen.<\/p>\n<p data-start=\"965\" data-end=\"1224\">AI verstehen wir nicht als Trend, sondern als Infrastruktur. Von Strategie und Consulting \u00fcber automatisierte Produktionspipelines bis hin zu intelligenter Medienverteilung unterst\u00fctzen wir Organisationen dabei, schneller zu agieren, pr\u00e4ziser zu kommunizieren und effizient skalierbar zu arbeiten.<\/p>\n<p data-start=\"1226\" data-end=\"1467\">JEDAM3D vereint kreative F\u00fchrung, technische Tiefe und strategische Intelligenz in einem durchg\u00e4ngigen Workflow. So entstehen Medienl\u00f6sungen, die nicht nur visuell au\u00dfergew\u00f6hnlich sind, sondern strukturell auf Performance, Langlebigkeit und Zukunftsf\u00e4higkeit ausgelegt sind.<\/p>\n<p data-start=\"1469\" data-end=\"1536\"><strong data-start=\"1469\" data-end=\"1536\">Pr\u00e4zision statt L\u00e4rm. Systeme statt Hype. Ergebnisse statt Versprechen.<\/strong><\/p>\n[\/vc_column_text][mk_divider style=&#8220;padding_space&#8220; margin_bottom=&#8220;60&#8243;][mk_divider style=&#8220;padding_space&#8220; margin_bottom=&#8220;60&#8243;][\/vc_column][\/vc_row]\n<\/div>","protected":false},"excerpt":{"rendered":"<p>[vc_row fullwidth=&#8220;true&#8220; padding=&#8220;0&#8243;][vc_column][\/vc_column][\/vc_row][vc_row][vc_column][mk_padding_divider size=&#8220;120&#8243;][mk_fancy_title tag_name=&#8220;h1&#8243; color=&#8220;#000000&#8243; size=&#8220;30&#8243; font_weight=&#8220;300&#8243; letter_spacing=&#8220;3&#8243; font_family=&#8220;none&#8220;] JEDAM3D &#8211; Intelligence-Driven Media. Entwickelt f\u00fcr das, was kommt. [\/mk_fancy_title][vc_column_text css=&#8220;.vc_custom_1765713619797{margin-bottom: 0px !important;}&#8220;] Gegr\u00fcndet im Jahr 2005 ist JEDAM3D ein boutique-orientiertes High-End-Cross-Media-Studio an der Schnittstelle von AI, Film, VFX, CGI und digitalem Engineering. Seit \u00fcber 20 Jahren konzipieren, produzieren und skalieren wir hochwertige Mediensysteme f\u00fcr [&hellip;]<\/p>\n","protected":false},"author":2,"featured_media":0,"parent":0,"menu_order":0,"comment_status":"closed","ping_status":"closed","template":"","meta":{"_monsterinsights_skip_tracking":false,"_monsterinsights_sitenote_active":false,"_monsterinsights_sitenote_note":"","_monsterinsights_sitenote_category":0,"footnotes":""},"class_list":["post-7388","page","type-page","status-publish","hentry"],"_links":{"self":[{"href":"https:\/\/www.jedam3d.com\/de\/wp-json\/wp\/v2\/pages\/7388","targetHints":{"allow":["GET"]}}],"collection":[{"href":"https:\/\/www.jedam3d.com\/de\/wp-json\/wp\/v2\/pages"}],"about":[{"href":"https:\/\/www.jedam3d.com\/de\/wp-json\/wp\/v2\/types\/page"}],"author":[{"embeddable":true,"href":"https:\/\/www.jedam3d.com\/de\/wp-json\/wp\/v2\/users\/2"}],"replies":[{"embeddable":true,"href":"https:\/\/www.jedam3d.com\/de\/wp-json\/wp\/v2\/comments?post=7388"}],"version-history":[{"count":107,"href":"https:\/\/www.jedam3d.com\/de\/wp-json\/wp\/v2\/pages\/7388\/revisions"}],"predecessor-version":[{"id":10358,"href":"https:\/\/www.jedam3d.com\/de\/wp-json\/wp\/v2\/pages\/7388\/revisions\/10358"}],"wp:attachment":[{"href":"https:\/\/www.jedam3d.com\/de\/wp-json\/wp\/v2\/media?parent=7388"}],"curies":[{"name":"wp","href":"https:\/\/api.w.org\/{rel}","templated":true}]}}